{"id":478,"date":"2026-02-21T21:16:39","date_gmt":"2026-02-21T20:16:39","guid":{"rendered":"https:\/\/pecem.facmed.unam.mx\/?page_id=478"},"modified":"2026-02-23T03:39:59","modified_gmt":"2026-02-23T02:39:59","slug":"historia-mision-y-vision","status":"publish","type":"page","link":"https:\/\/pecem.facmed.unam.mx\/?page_id=478","title":{"rendered":"Historia, Misi\u00f3n y Visi\u00f3n"},"content":{"rendered":"<p>[et_pb_section fb_built=\u00bb1&#8243; admin_label=\u00bbsection\u00bb _builder_version=\u00bb4.16&#8243; global_colors_info=\u00bb{}\u00bb][et_pb_row _builder_version=\u00bb4.27.4&#8243; _module_preset=\u00bbdefault\u00bb][et_pb_column _builder_version=\u00bb4.27.4&#8243; _module_preset=\u00bbdefault\u00bb type=\u00bb4_4&#8243;][et_pb_image src=\u00bbhttps:\/\/pecem.facmed.unam.mx\/wp-content\/uploads\/2026\/01\/Fac-Med-1.jpg\u00bb _builder_version=\u00bb4.27.4&#8243; _module_preset=\u00bbdefault\u00bb title_text=\u00bbCREATOR: gd-jpeg v1.0 (using IJG JPEG v62), quality = 82&#8243; hover_enabled=\u00bb0&#8243; sticky_enabled=\u00bb0&#8243;][\/et_pb_image][\/et_pb_column][\/et_pb_row][\/et_pb_section][et_pb_section fb_built=\u00bb1&#8243; theme_builder_area=\u00bbpost_content\u00bb _builder_version=\u00bb4.27.4&#8243; _module_preset=\u00bbdefault\u00bb hover_enabled=\u00bb0&#8243; sticky_enabled=\u00bb0&#8243;][et_pb_row _builder_version=\u00bb4.27.4&#8243; _module_preset=\u00bbdefault\u00bb theme_builder_area=\u00bbpost_content\u00bb][et_pb_column _builder_version=\u00bb4.27.4&#8243; _module_preset=\u00bbdefault\u00bb type=\u00bb4_4&#8243; theme_builder_area=\u00bbpost_content\u00bb][et_pb_text _builder_version=\u00bb4.27.4&#8243; _module_preset=\u00bbdefault\u00bb theme_builder_area=\u00bbpost_content\u00bb hover_enabled=\u00bb0&#8243; sticky_enabled=\u00bb0&#8243;]<\/p>\n<h1 data-start=\"110\" data-end=\"123\" style=\"text-align: justify;\">Historia<\/h1>\n<p data-start=\"125\" data-end=\"637\" style=\"text-align: justify;\">El <strong data-start=\"128\" data-end=\"179\">Plan de Estudios Combinados en Medicina (PECEM)<\/strong> de la Facultad de Medicina de la Universidad Nacional Aut\u00f3noma de M\u00e9xico surge como una iniciativa acad\u00e9mica innovadora orientada a la formaci\u00f3n de m\u00e9dicos con una s\u00f3lida preparaci\u00f3n cient\u00edfica. Su creaci\u00f3n responde a la necesidad de integrar, desde etapas tempranas, la formaci\u00f3n cl\u00ednica con la investigaci\u00f3n biom\u00e9dica, permitiendo a estudiantes con alto desempe\u00f1o desarrollar competencias tanto en la pr\u00e1ctica m\u00e9dica como en la generaci\u00f3n de conocimiento.<\/p>\n<p data-start=\"639\" data-end=\"1065\" style=\"text-align: justify;\">El PECEM fue dise\u00f1ado como un programa de excelencia que articula los estudios de licenciatura en Medicina con la formaci\u00f3n doctoral, promoviendo un modelo acad\u00e9mico flexible, interdisciplinario y de alto rigor cient\u00edfico. A lo largo de su trayectoria, el programa ha consolidado una comunidad acad\u00e9mica integrada por estudiantes, tutores e investigadores comprometidos con la innovaci\u00f3n, la \u00e9tica y la responsabilidad social.<\/p>\n<p data-start=\"1067\" data-end=\"1295\" style=\"text-align: justify;\">Desde su implementaci\u00f3n, el PECEM ha contribuido a la formaci\u00f3n de m\u00e9dicos-cient\u00edficos capaces de incidir en la investigaci\u00f3n biom\u00e9dica, cl\u00ednica y traslacional, fortaleciendo as\u00ed el v\u00ednculo entre la ciencia y la atenci\u00f3n m\u00e9dica.<\/p>\n<p>[\/et_pb_text][\/et_pb_column][\/et_pb_row][\/et_pb_section][et_pb_section fb_built=\u00bb1&#8243; theme_builder_area=\u00bbpost_content\u00bb _builder_version=\u00bb4.27.4&#8243; _module_preset=\u00bbdefault\u00bb][et_pb_row _builder_version=\u00bb4.27.4&#8243; _module_preset=\u00bbdefault\u00bb theme_builder_area=\u00bbpost_content\u00bb column_structure=\u00bb1_4,1_4,1_4,1_4&#8243;][et_pb_column _builder_version=\u00bb4.27.4&#8243; _module_preset=\u00bbdefault\u00bb type=\u00bb1_4&#8243; theme_builder_area=\u00bbpost_content\u00bb][et_pb_image src=\u00bbhttps:\/\/pecem.facmed.unam.mx\/wp-content\/uploads\/2026\/02\/MISION.png\u00bb _builder_version=\u00bb4.27.4&#8243; _module_preset=\u00bbdefault\u00bb theme_builder_area=\u00bbpost_content\u00bb title_text=\u00bbMISION\u00bb hover_enabled=\u00bb0&#8243; sticky_enabled=\u00bb0&#8243;][\/et_pb_image][\/et_pb_column][et_pb_column _builder_version=\u00bb4.27.4&#8243; _module_preset=\u00bbdefault\u00bb type=\u00bb1_4&#8243; theme_builder_area=\u00bbpost_content\u00bb][et_pb_text _builder_version=\u00bb4.27.4&#8243; _module_preset=\u00bbdefault\u00bb theme_builder_area=\u00bbpost_content\u00bb hover_enabled=\u00bb0&#8243; sticky_enabled=\u00bb0&#8243;]<\/p>\n<p style=\"text-align: justify;\">Formar m\u00e9dicos-cient\u00edficos de excelencia mediante un modelo acad\u00e9mico que integra la formaci\u00f3n cl\u00ednica con la investigaci\u00f3n cient\u00edfica, promoviendo el pensamiento cr\u00edtico, la innovaci\u00f3n y el compromiso \u00e9tico, con el prop\u00f3sito de contribuir al avance del conocimiento y a la mejora de la salud en M\u00e9xico y en el \u00e1mbito internacional.<\/p>\n<p>[\/et_pb_text][\/et_pb_column][et_pb_column _builder_version=\u00bb4.27.4&#8243; _module_preset=\u00bbdefault\u00bb type=\u00bb1_4&#8243; theme_builder_area=\u00bbpost_content\u00bb][et_pb_image src=\u00bbhttps:\/\/pecem.facmed.unam.mx\/wp-content\/uploads\/2026\/02\/VISION.png\u00bb _builder_version=\u00bb4.27.4&#8243; _module_preset=\u00bbdefault\u00bb theme_builder_area=\u00bbpost_content\u00bb title_text=\u00bbVISION\u00bb hover_enabled=\u00bb0&#8243; sticky_enabled=\u00bb0&#8243;][\/et_pb_image][\/et_pb_column][et_pb_column _builder_version=\u00bb4.27.4&#8243; _module_preset=\u00bbdefault\u00bb type=\u00bb1_4&#8243; theme_builder_area=\u00bbpost_content\u00bb][et_pb_text _builder_version=\u00bb4.27.4&#8243; _module_preset=\u00bbdefault\u00bb theme_builder_area=\u00bbpost_content\u00bb hover_enabled=\u00bb0&#8243; sticky_enabled=\u00bb0&#8243;]<\/p>\n<p style=\"text-align: justify;\">Consolidarse como un programa l\u00edder en la formaci\u00f3n de m\u00e9dicos-cient\u00edficos a nivel nacional e internacional, reconocido por la calidad acad\u00e9mica de sus egresados, su impacto en la investigaci\u00f3n biom\u00e9dica y su contribuci\u00f3n al desarrollo cient\u00edfico y a la transformaci\u00f3n de los sistemas de salud.<\/p>\n<p>[\/et_pb_text][\/et_pb_column][\/et_pb_row][\/et_pb_section]<\/p>\n","protected":false},"excerpt":{"rendered":"<p>Historia El Plan de Estudios Combinados en Medicina (PECEM) de la Facultad de Medicina de la Universidad Nacional Aut\u00f3noma de M\u00e9xico surge como una iniciativa acad\u00e9mica innovadora orientada a la formaci\u00f3n de m\u00e9dicos con una s\u00f3lida preparaci\u00f3n cient\u00edfica. Su creaci\u00f3n responde a la necesidad de integrar, desde etapas tempranas, la formaci\u00f3n cl\u00ednica con la investigaci\u00f3n [&hellip;]<\/p>\n","protected":false},"author":1,"featured_media":0,"parent":0,"menu_order":0,"comment_status":"closed","ping_status":"closed","template":"","meta":{"_et_pb_use_builder":"on","_et_pb_old_content":"<!-- wp:divi\/placeholder \/-->","_et_gb_content_width":"","footnotes":""},"class_list":["post-478","page","type-page","status-publish","hentry"],"_links":{"self":[{"href":"https:\/\/pecem.facmed.unam.mx\/index.php?rest_route=\/wp\/v2\/pages\/478","targetHints":{"allow":["GET"]}}],"collection":[{"href":"https:\/\/pecem.facmed.unam.mx\/index.php?rest_route=\/wp\/v2\/pages"}],"about":[{"href":"https:\/\/pecem.facmed.unam.mx\/index.php?rest_route=\/wp\/v2\/types\/page"}],"author":[{"embeddable":true,"href":"https:\/\/pecem.facmed.unam.mx\/index.php?rest_route=\/wp\/v2\/users\/1"}],"replies":[{"embeddable":true,"href":"https:\/\/pecem.facmed.unam.mx\/index.php?rest_route=%2Fwp%2Fv2%2Fcomments&post=478"}],"version-history":[{"count":3,"href":"https:\/\/pecem.facmed.unam.mx\/index.php?rest_route=\/wp\/v2\/pages\/478\/revisions"}],"predecessor-version":[{"id":617,"href":"https:\/\/pecem.facmed.unam.mx\/index.php?rest_route=\/wp\/v2\/pages\/478\/revisions\/617"}],"wp:attachment":[{"href":"https:\/\/pecem.facmed.unam.mx\/index.php?rest_route=%2Fwp%2Fv2%2Fmedia&parent=478"}],"curies":[{"name":"wp","href":"https:\/\/api.w.org\/{rel}","templated":true}]}}